{"id":3084,"date":"2021-03-26T13:17:28","date_gmt":"2021-03-26T11:17:28","guid":{"rendered":"http:\/\/saprema.fi\/wordpress\/?page_id=3084"},"modified":"2021-03-26T13:17:29","modified_gmt":"2021-03-26T11:17:29","slug":"dreisbach-jungmann","status":"publish","type":"page","link":"https:\/\/saprema.fi\/wordpress\/fi\/dreisbach-jungmann\/","title":{"rendered":"Dreisbach &#038; Jungmann"},"content":{"rendered":"\n<p>Automaattiseen asennukseen ja testaukseen t\u00e4ysin integroiduista l\u00e4mp\u00f6k\u00e4sittelylaitteista aina erikoiskoneisiin ja laitteisiin juuri teid\u00e4n tarpeeseenne.<\/p>\n\n\n\n<p>Yli 30 vuotta kokemusta, Dreisbach &amp; Jungmann on luotettava kumppani. \u00a0<\/p>\n\n\n\n<p><a href=\"https:\/\/www.dreisbach-jungmann.de\/en-gb\/home\" target=\"_blank\" rel=\"noreferrer noopener\">Linkki Dreisbach &amp; Jungmann kotisivuille<\/a><\/p>\n","protected":false},"excerpt":{"rendered":"<p>Automaattiseen asennukseen ja testaukseen t\u00e4ysin integroiduista l\u00e4mp\u00f6k\u00e4sittelylaitteista aina erikoiskoneisiin ja laitteisiin juuri teid\u00e4n tarpeeseenne. Yli 30 vuotta kokemusta, Dreisbach &amp; Jungmann on luotettava kumppani. \u00a0 Linkki Dreisbach &amp; Jungmann kotisivuille<\/p>\n","protected":false},"author":1,"featured_media":0,"parent":0,"menu_order":0,"comment_status":"closed","ping_status":"closed","template":"","meta":[],"_links":{"self":[{"href":"https:\/\/saprema.fi\/wordpress\/wp-json\/wp\/v2\/pages\/3084"}],"collection":[{"href":"https:\/\/saprema.fi\/wordpress\/wp-json\/wp\/v2\/pages"}],"about":[{"href":"https:\/\/saprema.fi\/wordpress\/wp-json\/wp\/v2\/types\/page"}],"author":[{"embeddable":true,"href":"https:\/\/saprema.fi\/wordpress\/wp-json\/wp\/v2\/users\/1"}],"replies":[{"embeddable":true,"href":"https:\/\/saprema.fi\/wordpress\/wp-json\/wp\/v2\/comments?post=3084"}],"version-history":[{"count":1,"href":"https:\/\/saprema.fi\/wordpress\/wp-json\/wp\/v2\/pages\/3084\/revisions"}],"predecessor-version":[{"id":3085,"href":"https:\/\/saprema.fi\/wordpress\/wp-json\/wp\/v2\/pages\/3084\/revisions\/3085"}],"wp:attachment":[{"href":"https:\/\/saprema.fi\/wordpress\/wp-json\/wp\/v2\/media?parent=3084"}],"curies":[{"name":"wp","href":"https:\/\/api.w.org\/{rel}","templated":true}]}}